{"id":1244,"date":"2008-03-19T14:56:54","date_gmt":"2008-03-19T17:56:54","guid":{"rendered":"https:\/\/www.gluon.com.br\/blog\/politicadeprivacidade\/"},"modified":"2008-03-19T14:56:54","modified_gmt":"2008-03-19T17:56:54","slug":"politicadeprivacidade","status":"publish","type":"page","link":"https:\/\/www.gluon.com.br\/blog\/politicadeprivacidade\/","title":{"rendered":"Pol\u00edtica de privacidade"},"content":{"rendered":"<p>Informamos que este s\u00edtio (site) pode utilizar cookies e\/ou (web)beacons no momento em que um usu\u00e1rio acessar uma p\u00e1gina do mesmo. Os cookies que podem ser utilizados associam-se (se for o caso) unicamente com o navegador de um determinado computador.<br \/>\nOs cookies utilizados neste site podem ser instalados pelo mesmo, os quais s\u00e3o originados dos distintos servidores operados por este, ou a partir dos servidores de terceiros que prestam servi\u00e7os e instalam cookies e\/ou beacons (como por exemplo, os cookies empregados para prover servi\u00e7os de publicidade ou certos conte\u00fados atrav\u00e9s dos quais o usu\u00e1rio visualiza a publicidade ou conte\u00fados em tempo pr\u00e9 determinados). O usu\u00e1rio poder\u00e1 pesquisar o disco r\u00edgido de seu computador conforme instru\u00e7\u00f5es do pr\u00f3prio navegador.<br \/>\nUsu\u00e1rio tamb\u00e9m tem a possibilidade de configurar seu navegador para ser avisado, por meio de uma mensagem na tela do computador, sobre a recep\u00e7\u00e3o dos cookies e\/ou para impedir a sua instala\u00e7\u00e3o no disco r\u00edgido. As informa\u00e7\u00f5es referente a esta configura\u00e7\u00e3o est\u00e3o dispon\u00edveis em instru\u00e7\u00f5es e manuais do pr\u00f3prio navegador.<br \/>\nUsamos empresas de publicidade de terceiros para veicular an\u00fancios durante a sua visita ao nosso website. Essas empresas podem usar informa\u00e7\u00f5es (que n\u00e3o incluem o seu nome, endere\u00e7o, endere\u00e7o de e-mail ou n\u00famero de telefone) sobre suas visitas a este e a outros websites a fim de exibir an\u00fancios relacionados a produtos e servi\u00e7os de seu interesse. Para obter mais informa\u00e7\u00f5es sobre essa pr\u00e1tica e saber como impedir que as empresas utilizem esses dados, <a href=\"https:\/\/www.google.com\/adsense\/support\/bin\/answer.py?answer=100557&#038;sourceid=aso&#038;subid=ww-en-et-asblog_2009-03-23&#038;medium=link\">clique aqui<\/a>.<br \/>\nO Google, como fornecedor de terceiros, utiliza cookies para exibir an\u00fancios.<br \/>\nCom o cookie DART, o Google pode exibir an\u00fancios para seus usu\u00e1rios com base nas visitas feitas aos seus e a outros sites na Internet.<br \/>\nOs usu\u00e1rios podem desativar o cookie DART <a href=\"http:\/\/www.google.com\/privacy_ads.html\">visitando a Pol\u00edtica de privacidade da rede de conte\u00fado e dos an\u00fancios do Google<\/a>.<br \/>\nEm caso de d\u00favidas entre em contato contatopsn@gmail.com<\/p>\n<p>(texto adaptado)<\/p>\n","protected":false},"excerpt":{"rendered":"<p>Informamos que este s\u00edtio (site) pode utilizar cookies e\/ou (web)beacons no momento em que um usu\u00e1rio acessar uma p\u00e1gina do mesmo. Os cookies que podem ser utilizados associam-se (se for o caso) unicamente com o navegador de um determinado computador. Os cookies utilizados neste site podem ser instalados pelo mesmo, os quais s\u00e3o originados dos distintos servidores operados por este, ou a partir dos servidores de terceiros que prestam servi\u00e7os e instalam cookies e\/ou beacons (como por exemplo, os cookies empregados para prover servi\u00e7os de publicidade ou certos conte\u00fados atrav\u00e9s dos quais o usu\u00e1rio visualiza a publicidade ou conte\u00fados em <\/p>\n","protected":false},"author":1,"featured_media":0,"parent":0,"menu_order":0,"comment_status":"open","ping_status":"open","template":"","meta":{"footnotes":""},"class_list":["post-1244","page","type-page","status-publish","hentry"],"aioseo_notices":[],"amp_enabled":true,"_links":{"self":[{"href":"https:\/\/www.gluon.com.br\/blog\/wp-json\/wp\/v2\/pages\/1244","targetHints":{"allow":["GET"]}}],"collection":[{"href":"https:\/\/www.gluon.com.br\/blog\/wp-json\/wp\/v2\/pages"}],"about":[{"href":"https:\/\/www.gluon.com.br\/blog\/wp-json\/wp\/v2\/types\/page"}],"author":[{"embeddable":true,"href":"https:\/\/www.gluon.com.br\/blog\/wp-json\/wp\/v2\/users\/1"}],"replies":[{"embeddable":true,"href":"https:\/\/www.gluon.com.br\/blog\/wp-json\/wp\/v2\/comments?post=1244"}],"version-history":[{"count":0,"href":"https:\/\/www.gluon.com.br\/blog\/wp-json\/wp\/v2\/pages\/1244\/revisions"}],"wp:attachment":[{"href":"https:\/\/www.gluon.com.br\/blog\/wp-json\/wp\/v2\/media?parent=1244"}],"curies":[{"name":"wp","href":"https:\/\/api.w.org\/{rel}","templated":true}]}}